{"id":2,"date":"2016-05-10T03:48:21","date_gmt":"2016-05-10T03:48:21","guid":{"rendered":"http:\/\/mixwerk-hattingen.de\/?page_id=2"},"modified":"2026-03-22T11:10:43","modified_gmt":"2026-03-22T11:10:43","slug":"sample-page","status":"publish","type":"page","link":"https:\/\/mixwerk-hattingen.de\/","title":{"rendered":"Willkommen"},"content":{"rendered":"\t\t<div data-elementor-type=\"wp-page\" data-elementor-id=\"2\" class=\"elementor elementor-2\">\n\t\t\t\t\t\t<section class=\"elementor-section elementor-top-section elementor-element elementor-element-49133f1e elementor-section-boxed elementor-section-height-default elementor-section-height-default\" data-id=\"49133f1e\" data-element_type=\"section\" data-e-type=\"section\">\n\t\t\t\t\t\t<div class=\"elementor-container elementor-column-gap-default\">\n\t\t\t\t\t<div class=\"elementor-column elementor-col-100 elementor-top-column elementor-element elementor-element-180034f0\" data-id=\"180034f0\" data-element_type=\"column\" data-e-type=\"column\">\n\t\t\t<div class=\"elementor-widget-wrap elementor-element-populated\">\n\t\t\t\t\t\t<div class=\"elementor-element elementor-element-2e75aaa elementor-mobile-align-center elementor-widget elementor-widget-button\" data-id=\"2e75aaa\" data-element_type=\"widget\" data-e-type=\"widget\" data-widget_type=\"button.default\">\n\t\t\t\t<div class=\"elementor-widget-container\">\n\t\t\t\t\t\t\t\t\t<div class=\"elementor-button-wrapper\">\n\t\t\t\t\t<a class=\"elementor-button elementor-button-link elementor-size-sm\" href=\"https:\/\/mixwerk-hattingen.de\/?page_id=66\">\n\t\t\t\t\t\t<span class=\"elementor-button-content-wrapper\">\n\t\t\t\t\t\t\t\t\t<span class=\"elementor-button-text\">Zu den Terminen<\/span>\n\t\t\t\t\t<\/span>\n\t\t\t\t\t<\/a>\n\t\t\t\t<\/div>\n\t\t\t\t\t\t\t\t<\/div>\n\t\t\t\t<\/div>\n\t\t\t\t<div class=\"elementor-element elementor-element-4ccb4631 elementor-widget elementor-widget-text-editor\" data-id=\"4ccb4631\" data-element_type=\"widget\" data-e-type=\"widget\" data-widget_type=\"text-editor.default\">\n\t\t\t\t<div class=\"elementor-widget-container\">\n\t\t\t\t\t\t\t\t\t<p><img fetchpriority=\"high\" decoding=\"async\" src=\"http:\/\/mixwerk-hattingen.de\/wp-content\/uploads\/2022\/06\/WhatsApp-Image-2022-06-09-at-08.36.28-768x1024.jpeg\" sizes=\"100vw\" srcset=\"https:\/\/mixwerk-hattingen.de\/wp-content\/uploads\/2022\/06\/WhatsApp-Image-2022-06-09-at-08.36.28-768x1024.jpeg 768w, https:\/\/mixwerk-hattingen.de\/wp-content\/uploads\/2022\/06\/WhatsApp-Image-2022-06-09-at-08.36.28-225x300.jpeg 225w, https:\/\/mixwerk-hattingen.de\/wp-content\/uploads\/2022\/06\/WhatsApp-Image-2022-06-09-at-08.36.28-1152x1536.jpeg 1152w, https:\/\/mixwerk-hattingen.de\/wp-content\/uploads\/2022\/06\/WhatsApp-Image-2022-06-09-at-08.36.28.jpeg 1200w\" alt=\"\" width=\"525\" height=\"700\" \/><\/p><p>Herzlich willkommen, sch\u00f6n, dass Du meine Homepage besuchst.<\/p><p>Das MixWerk ist eine urige Location im Herzen der Hattinger Altstadt. Hier kochen und backen wir jede Menge tolle K\u00f6stlichkeiten mit dem Thermomix TM7, um Dir und Deinen Freunden die Vielfalt und Flexibilit\u00e4t des Thermomix zu zeigen und zu erkl\u00e4ren. Hier erh\u00e4ltst Du immer neue Tipps und Tricks rund um unseren Zaubertopf.<\/p><p>Wir sind\u00a0nur\u00a0nach Vereinbarung\u00a0f\u00fcr Dich vor Ort.<br \/>Gern k\u00f6nnen wir mit Dir und Deinen Freunden im MixWerk mit dem Thermomix TM7 kochen. Melde Dich einfach bei mir!<\/p><p>TM7 und Zubeh\u00f6rbestellungen nehmen wir auch telefonisch entgegen.<\/p><p><img decoding=\"async\" class=\"alignnone wp-image-649\" src=\"http:\/\/mixwerk-hattingen.de\/wp-content\/uploads\/2025\/03\/TM7-300x165.jpeg\" alt=\"\" width=\"522\" height=\"287\" srcset=\"https:\/\/mixwerk-hattingen.de\/wp-content\/uploads\/2025\/03\/TM7-300x165.jpeg 300w, https:\/\/mixwerk-hattingen.de\/wp-content\/uploads\/2025\/03\/TM7-1024x564.jpeg 1024w, https:\/\/mixwerk-hattingen.de\/wp-content\/uploads\/2025\/03\/TM7-768x423.jpeg 768w, https:\/\/mixwerk-hattingen.de\/wp-content\/uploads\/2025\/03\/TM7.jpeg 1290w\" sizes=\"(max-width: 522px) 100vw, 522px\" \/><\/p><p><a href=\"http:\/\/mixwerk-hattingen.de\/?page_id=64\">Jetzt Termin vereinbaren!<\/a><\/p><p><a href=\"http:\/\/mixwerk-hattingen.de\/?page_id=64\">\u00a0<\/a><\/p><h2><a href=\"https:\/\/thermomix.vorwerk.de\/home\/\">Das kann der Thermomix TM7&#8230;<\/a><\/h2><p>Der TM7 ist die neueste Generation der beliebten K\u00fcchenmaschine von Vorwerk.<br \/>Er kombiniert mehrere Funktionen in einem einzigen Ger\u00e4t und erleichtert das Kochen erheblich.<\/p><p>H<b>auptmerkmale<\/b><br \/>1<i>. Multifunktionalit\u00e4t:<\/i><br \/>&#8211; Kochen, Dampfen, Zerkleinern, Mixen, Kneten und sogar Wiegen sind mit einem Ger\u00e4t m\u00f6glich.<br \/>&#8211; Ideal f\u00fcr kreative Rezepte und verschiedene Kochstile.<\/p><p>2. <i>Intuitive Bedienung:<\/i><br \/>&#8211; Ein benutzerfreundliches Touchscreen-Display erm\u00f6glicht eine einfache Navigation durch Rezepte und Funktionen.<br \/>&#8211; Schritt-f\u00fcr-Schritt-Anleitungen f\u00fchren durch den Kochprozess.<\/p><p>3. <i>K\u00fcchenhilfe 2.0:<\/i><br \/>&#8211; Vorinstallierte Rezepte und regelm\u00e4\u00dfige Updates machen das Kochen noch einfacher.<br \/>&#8211; Integration von Rezeptplattformen f\u00fcr eine riesige Auswahl an Ideen.<\/p><p>4. <i>Energieeffizienz:<\/i><br \/>&#8211; Entwickelt, um energiesparend zu arbeiten und gleichzeitig schnelle Kochzeiten zu erm\u00f6glichen.<\/p><p><b>Vorteile<\/b><br \/>&#8211; <i>Zeitersparnis: <\/i>Viele Kochprozesse werden automatisiert, wodurch der Kochzeitaufwand minimiert wird.<br \/>&#8211; <i>Gesundheit: <\/i>Frische Zutaten k\u00f6nnen einfach verarbeitet werden, was zu ges\u00fcnderen Mahlzeiten f\u00fchrt.<br \/>&#8211; <i>Platzersparnis:<\/i> Durch die Kombination mehrerer K\u00fcchenger\u00e4te in einem Ger\u00e4t.<\/p><p>Der TM7 ist eine innovative L\u00f6sung f\u00fcr alle, die Freude am Kochen haben, aber auch die Effizienz beim Zubereiten ihrer Speisen sch\u00e4tzen. Mit dem TM7 wird das Kochen zum Erlebnis!<\/p><p>Hier nur einige wenige Inspirationen:<\/p><p><img decoding=\"async\" src=\"http:\/\/mixwerk-hattingen.de\/wp-content\/uploads\/2020\/03\/Eis-300x200.jpg\" sizes=\"100vw\" srcset=\"https:\/\/mixwerk-hattingen.de\/wp-content\/uploads\/2020\/03\/Eis-300x200.jpg 300w, https:\/\/mixwerk-hattingen.de\/wp-content\/uploads\/2020\/03\/Eis-1024x683.jpg 1024w, https:\/\/mixwerk-hattingen.de\/wp-content\/uploads\/2020\/03\/Eis-768x512.jpg 768w, https:\/\/mixwerk-hattingen.de\/wp-content\/uploads\/2020\/03\/Eis-1536x1025.jpg 1536w, https:\/\/mixwerk-hattingen.de\/wp-content\/uploads\/2020\/03\/Eis.jpg 1920w\" alt=\"\" width=\"300\" height=\"200\" \/><\/p><p><img loading=\"lazy\" decoding=\"async\" class=\"alignleft\" src=\"http:\/\/mixwerk-hattingen.de\/wp-content\/uploads\/2020\/03\/hefezopf-300x146.jpeg\" sizes=\"100vw\" srcset=\"https:\/\/mixwerk-hattingen.de\/wp-content\/uploads\/2020\/03\/hefezopf-300x146.jpeg 300w, https:\/\/mixwerk-hattingen.de\/wp-content\/uploads\/2020\/03\/hefezopf-1024x497.jpeg 1024w, https:\/\/mixwerk-hattingen.de\/wp-content\/uploads\/2020\/03\/hefezopf-768x373.jpeg 768w, https:\/\/mixwerk-hattingen.de\/wp-content\/uploads\/2020\/03\/hefezopf-1536x746.jpeg 1536w, https:\/\/mixwerk-hattingen.de\/wp-content\/uploads\/2020\/03\/hefezopf.jpeg 1600w\" alt=\"\" width=\"300\" height=\"146\" \/><\/p><p><img loading=\"lazy\" decoding=\"async\" src=\"http:\/\/mixwerk-hattingen.de\/wp-content\/uploads\/2020\/03\/eintopf-300x199.jpg\" sizes=\"100vw\" srcset=\"https:\/\/mixwerk-hattingen.de\/wp-content\/uploads\/2020\/03\/eintopf-300x199.jpg 300w, https:\/\/mixwerk-hattingen.de\/wp-content\/uploads\/2020\/03\/eintopf-1024x678.jpg 1024w, https:\/\/mixwerk-hattingen.de\/wp-content\/uploads\/2020\/03\/eintopf-768x508.jpg 768w, https:\/\/mixwerk-hattingen.de\/wp-content\/uploads\/2020\/03\/eintopf-1536x1017.jpg 1536w, https:\/\/mixwerk-hattingen.de\/wp-content\/uploads\/2020\/03\/eintopf.jpg 1920w\" alt=\"\" width=\"300\" height=\"199\" \/><\/p><p><img loading=\"lazy\" decoding=\"async\" src=\"http:\/\/mixwerk-hattingen.de\/wp-content\/uploads\/2020\/03\/burger-300x200.jpg\" sizes=\"100vw\" srcset=\"https:\/\/mixwerk-hattingen.de\/wp-content\/uploads\/2020\/03\/burger-300x200.jpg 300w, https:\/\/mixwerk-hattingen.de\/wp-content\/uploads\/2020\/03\/burger-1024x683.jpg 1024w, https:\/\/mixwerk-hattingen.de\/wp-content\/uploads\/2020\/03\/burger-768x512.jpg 768w, https:\/\/mixwerk-hattingen.de\/wp-content\/uploads\/2020\/03\/burger-1536x1024.jpg 1536w, https:\/\/mixwerk-hattingen.de\/wp-content\/uploads\/2020\/03\/burger.jpg 1920w\" alt=\"\" width=\"300\" height=\"200\" \/><\/p><p><img loading=\"lazy\" decoding=\"async\" src=\"http:\/\/mixwerk-hattingen.de\/wp-content\/uploads\/2020\/03\/smoothie-300x200.jpg\" sizes=\"100vw\" srcset=\"https:\/\/mixwerk-hattingen.de\/wp-content\/uploads\/2020\/03\/smoothie-300x200.jpg 300w, https:\/\/mixwerk-hattingen.de\/wp-content\/uploads\/2020\/03\/smoothie-1024x683.jpg 1024w, https:\/\/mixwerk-hattingen.de\/wp-content\/uploads\/2020\/03\/smoothie-768x512.jpg 768w, https:\/\/mixwerk-hattingen.de\/wp-content\/uploads\/2020\/03\/smoothie-1536x1024.jpg 1536w, https:\/\/mixwerk-hattingen.de\/wp-content\/uploads\/2020\/03\/smoothie.jpg 1920w\" alt=\"\" width=\"300\" height=\"200\" \/><\/p><h2><a href=\"http:\/\/mixwerk-hattingen.de\/?page_id=66\">&#8230;weitere Rezepte zeige ich dir bei unseren gratis Kochtreffen!<\/a><\/h2><h4>gratis Probekochen<\/h4><h4>kompetente Beratung<\/h4><h4>entspannte Atmosph\u00e4re<\/h4><p>Egal, ob du dich und deine Familie mit den t\u00e4glichen Mahlzeiten und Vitaminen verw\u00f6hnen oder zusammen mit\u00a0 deinen Kindern leckere Backideen ausprobieren oder selbstgemachtes Eis in Sekundenschnelle f\u00fcr deine Liebsten zaubern m\u00f6chtest, unser Multitalent \u2013 der Thermomix TM7 \u2013 unterst\u00fctzt dich dabei!<\/p><p>Eine Bestellung ist auch kontaktlos per <strong><a href=\"http:\/\/mixwerk-hattingen.de\/?page_id=64\">Telefon und E- Mail<\/a> <\/strong>m\u00f6glich! Telefonisch stehe ich dir auch bei Fragen und Problemen rund um deinen Thermomix zur Seite.<\/p><p>Ich freue mich, dich bald in meinem Kochstudio \u201eMixWerk\u201c auf dem Haldenplatz 7 in unserer sch\u00f6nen Hattinger Altstadt pers\u00f6nlich mit Kochworkshops, Kochkursen und Einzelkochveranstaltungen\u00a0zu betreuen.<\/p><p><img loading=\"lazy\" decoding=\"async\" src=\"http:\/\/mixwerk-hattingen.de\/wp-content\/uploads\/2020\/03\/Mixwerk-Logo-zugeschnitten.png\" sizes=\"100vw\" srcset=\"https:\/\/mixwerk-hattingen.de\/wp-content\/uploads\/2020\/03\/Mixwerk-Logo-zugeschnitten.png 450w, https:\/\/mixwerk-hattingen.de\/wp-content\/uploads\/2020\/03\/Mixwerk-Logo-zugeschnitten-300x127.png 300w\" alt=\"\" width=\"450\" height=\"191\" \/><\/p><p><a href=\"http:\/\/mixwerk-hattingen.de\/?page_id=16\"><strong>Impressum<\/strong><\/a><\/p>\t\t\t\t\t\t\t\t<\/div>\n\t\t\t\t<\/div>\n\t\t\t\t\t<\/div>\n\t\t<\/div>\n\t\t\t\t\t<\/div>\n\t\t<\/section>\n\t\t\t\t<\/div>\n\t\t","protected":false},"excerpt":{"rendered":"<p>Zu den Terminen Herzlich willkommen, sch\u00f6n, dass Du meine Homepage besuchst. Das MixWerk ist eine urige Location im Herzen der Hattinger Altstadt. Hier kochen und backen wir jede Menge tolle K\u00f6stlichkeiten mit dem Thermomix TM7, um Dir und Deinen Freunden die Vielfalt und Flexibilit\u00e4t des Thermomix zu zeigen und zu erkl\u00e4ren. Hier erh\u00e4ltst Du immer &hellip; <\/p>\n<p class=\"link-more\"><a href=\"https:\/\/mixwerk-hattingen.de\/\" class=\"more-link\"><span class=\"screen-reader-text\">\u201eWillkommen\u201c <\/span>weiterlesen<\/a><\/p>\n","protected":false},"author":1,"featured_media":0,"parent":0,"menu_order":0,"comment_status":"closed","ping_status":"open","template":"","meta":{"_joinchat":[],"footnotes":""},"class_list":["post-2","page","type-page","status-publish","hentry"],"_links":{"self":[{"href":"https:\/\/mixwerk-hattingen.de\/index.php?rest_route=\/wp\/v2\/pages\/2","targetHints":{"allow":["GET"]}}],"collection":[{"href":"https:\/\/mixwerk-hattingen.de\/index.php?rest_route=\/wp\/v2\/pages"}],"about":[{"href":"https:\/\/mixwerk-hattingen.de\/index.php?rest_route=\/wp\/v2\/types\/page"}],"author":[{"embeddable":true,"href":"https:\/\/mixwerk-hattingen.de\/index.php?rest_route=\/wp\/v2\/users\/1"}],"replies":[{"embeddable":true,"href":"https:\/\/mixwerk-hattingen.de\/index.php?rest_route=%2Fwp%2Fv2%2Fcomments&post=2"}],"version-history":[{"count":222,"href":"https:\/\/mixwerk-hattingen.de\/index.php?rest_route=\/wp\/v2\/pages\/2\/revisions"}],"predecessor-version":[{"id":716,"href":"https:\/\/mixwerk-hattingen.de\/index.php?rest_route=\/wp\/v2\/pages\/2\/revisions\/716"}],"wp:attachment":[{"href":"https:\/\/mixwerk-hattingen.de\/index.php?rest_route=%2Fwp%2Fv2%2Fmedia&parent=2"}],"curies":[{"name":"wp","href":"https:\/\/api.w.org\/{rel}","templated":true}]}}